{"id":2919,"date":"2018-08-16T14:29:18","date_gmt":"2018-08-16T12:29:18","guid":{"rendered":"https:\/\/wordpress.areyounet.com?page_id=2919"},"modified":"2021-09-06T14:06:17","modified_gmt":"2021-09-06T12:06:17","slug":"management","status":"publish","type":"page","link":"https:\/\/www.areyounet.com\/en\/management.html","title":{"rendered":"management"},"content":{"rendered":"","protected":false},"excerpt":{"rendered":"","protected":false},"author":6,"featured_media":0,"parent":0,"menu_order":0,"comment_status":"closed","ping_status":"closed","template":"page-are-you-net.php","meta":{"_acf_changed":false,"_exactmetrics_skip_tracking":false,"_exactmetrics_sitenote_active":false,"_exactmetrics_sitenote_note":"","_exactmetrics_sitenote_category":0,"footnotes":""},"class_list":["post-2919","page","type-page","status-publish","hentry"],"acf":[],"yoast_head":"<!-- This site is optimized with the Yoast SEO plugin v27.2 - https:\/\/yoast.com\/product\/yoast-seo-wordpress\/ -->\n<title>Management team<\/title>\n<meta name=\"description\" content=\"Un management Senior pour vous accompagner\" \/>\n<meta name=\"robots\" content=\"index, follow, max-snippet:-1, max-image-preview:large, max-video-preview:-1\" \/>\n<link rel=\"canonical\" href=\"https:\/\/www.areyounet.com\/en\/management.html\" \/>\n<meta property=\"og:locale\" content=\"en_US\" \/>\n<meta property=\"og:type\" content=\"article\" \/>\n<meta property=\"og:title\" content=\"Management team\" \/>\n<meta property=\"og:description\" content=\"Cr\u00e9ez vos enqu\u00eates en ligne simplement pour r\u00e9aliser des \u00e9tudes marketing ou des sondages internes. Interrogez vos clients et salari\u00e9s \u00e0 l&#039;aide des questionnaires en ligne.\" \/>\n<meta property=\"og:url\" content=\"https:\/\/www.areyounet.com\/en\/management.html\" \/>\n<meta property=\"og:site_name\" content=\"AreYouNet.com\" \/>\n<meta property=\"article:publisher\" content=\"https:\/\/fr-fr.facebook.com\/AreYouNet\/\" \/>\n<meta property=\"article:modified_time\" content=\"2021-09-06T12:06:17+00:00\" \/>\n<meta property=\"og:image\" content=\"http:\/\/www.areyounet.com\/wp-content\/uploads\/2018\/08\/logo_ayn_odity.jpg\" \/>\n<meta name=\"twitter:card\" content=\"summary_large_image\" \/>\n<script type=\"application\/ld+json\" class=\"yoast-schema-graph\">{\"@context\":\"https:\/\/schema.org\",\"@graph\":[{\"@type\":\"WebPage\",\"@id\":\"https:\/\/www.areyounet.com\/en\/management.html\",\"url\":\"https:\/\/www.areyounet.com\/en\/management.html\",\"name\":\"Management team\",\"isPartOf\":{\"@id\":\"https:\/\/www.areyounet.com\/#website\"},\"datePublished\":\"2018-08-16T12:29:18+00:00\",\"dateModified\":\"2021-09-06T12:06:17+00:00\",\"description\":\"Un management Senior pour vous accompagner\",\"breadcrumb\":{\"@id\":\"https:\/\/www.areyounet.com\/en\/management.html#breadcrumb\"},\"inLanguage\":\"en-US\",\"potentialAction\":[{\"@type\":\"ReadAction\",\"target\":[\"https:\/\/www.areyounet.com\/en\/management.html\"]}]},{\"@type\":\"BreadcrumbList\",\"@id\":\"https:\/\/www.areyounet.com\/en\/management.html#breadcrumb\",\"itemListElement\":[{\"@type\":\"ListItem\",\"position\":1,\"name\":\"\",\"item\":\"https:\/\/www.areyounet.com\/en\"},{\"@type\":\"ListItem\",\"position\":2,\"name\":\"management\"}]},{\"@type\":\"WebSite\",\"@id\":\"https:\/\/www.areyounet.com\/#website\",\"url\":\"https:\/\/www.areyounet.com\/\",\"name\":\"AreYouNet.com\",\"description\":\"Customer Experience Designer\",\"potentialAction\":[{\"@type\":\"SearchAction\",\"target\":{\"@type\":\"EntryPoint\",\"urlTemplate\":\"https:\/\/www.areyounet.com\/?s={search_term_string}\"},\"query-input\":{\"@type\":\"PropertyValueSpecification\",\"valueRequired\":true,\"valueName\":\"search_term_string\"}}],\"inLanguage\":\"en-US\"}]}<\/script>\n<!-- \/ Yoast SEO plugin. -->","yoast_head_json":{"title":"Management team","description":"Un management Senior pour vous accompagner","robots":{"index":"index","follow":"follow","max-snippet":"max-snippet:-1","max-image-preview":"max-image-preview:large","max-video-preview":"max-video-preview:-1"},"canonical":"https:\/\/www.areyounet.com\/en\/management.html","og_locale":"en_US","og_type":"article","og_title":"Management team","og_description":"Cr\u00e9ez vos enqu\u00eates en ligne simplement pour r\u00e9aliser des \u00e9tudes marketing ou des sondages internes. Interrogez vos clients et salari\u00e9s \u00e0 l'aide des questionnaires en ligne.","og_url":"https:\/\/www.areyounet.com\/en\/management.html","og_site_name":"AreYouNet.com","article_publisher":"https:\/\/fr-fr.facebook.com\/AreYouNet\/","article_modified_time":"2021-09-06T12:06:17+00:00","og_image":[{"url":"http:\/\/www.areyounet.com\/wp-content\/uploads\/2018\/08\/logo_ayn_odity.jpg","type":"","width":"","height":""}],"twitter_card":"summary_large_image","schema":{"@context":"https:\/\/schema.org","@graph":[{"@type":"WebPage","@id":"https:\/\/www.areyounet.com\/en\/management.html","url":"https:\/\/www.areyounet.com\/en\/management.html","name":"Management team","isPartOf":{"@id":"https:\/\/www.areyounet.com\/#website"},"datePublished":"2018-08-16T12:29:18+00:00","dateModified":"2021-09-06T12:06:17+00:00","description":"Un management Senior pour vous accompagner","breadcrumb":{"@id":"https:\/\/www.areyounet.com\/en\/management.html#breadcrumb"},"inLanguage":"en-US","potentialAction":[{"@type":"ReadAction","target":["https:\/\/www.areyounet.com\/en\/management.html"]}]},{"@type":"BreadcrumbList","@id":"https:\/\/www.areyounet.com\/en\/management.html#breadcrumb","itemListElement":[{"@type":"ListItem","position":1,"name":"","item":"https:\/\/www.areyounet.com\/en"},{"@type":"ListItem","position":2,"name":"management"}]},{"@type":"WebSite","@id":"https:\/\/www.areyounet.com\/#website","url":"https:\/\/www.areyounet.com\/","name":"AreYouNet.com","description":"Customer Experience Designer","potentialAction":[{"@type":"SearchAction","target":{"@type":"EntryPoint","urlTemplate":"https:\/\/www.areyounet.com\/?s={search_term_string}"},"query-input":{"@type":"PropertyValueSpecification","valueRequired":true,"valueName":"search_term_string"}}],"inLanguage":"en-US"}]}},"_links":{"self":[{"href":"https:\/\/www.areyounet.com\/en\/wp-json\/wp\/v2\/pages\/2919","targetHints":{"allow":["GET"]}}],"collection":[{"href":"https:\/\/www.areyounet.com\/en\/wp-json\/wp\/v2\/pages"}],"about":[{"href":"https:\/\/www.areyounet.com\/en\/wp-json\/wp\/v2\/types\/page"}],"author":[{"embeddable":true,"href":"https:\/\/www.areyounet.com\/en\/wp-json\/wp\/v2\/users\/6"}],"replies":[{"embeddable":true,"href":"https:\/\/www.areyounet.com\/en\/wp-json\/wp\/v2\/comments?post=2919"}],"version-history":[{"count":31,"href":"https:\/\/www.areyounet.com\/en\/wp-json\/wp\/v2\/pages\/2919\/revisions"}],"predecessor-version":[{"id":10231,"href":"https:\/\/www.areyounet.com\/en\/wp-json\/wp\/v2\/pages\/2919\/revisions\/10231"}],"wp:attachment":[{"href":"https:\/\/www.areyounet.com\/en\/wp-json\/wp\/v2\/media?parent=2919"}],"curies":[{"name":"wp","href":"https:\/\/api.w.org\/{rel}","templated":true}]}}